{"id":144,"date":"2024-07-15T06:37:31","date_gmt":"2024-07-15T06:37:31","guid":{"rendered":"https:\/\/www.raidquart.com\/?page_id=144"},"modified":"2024-07-15T06:37:31","modified_gmt":"2024-07-15T06:37:31","slug":"vocation-sociale-annuelle","status":"publish","type":"page","link":"https:\/\/www.raidquart.com\/?page_id=144","title":{"rendered":"Vocation sociale annuelle"},"content":{"rendered":"\n<p>Chaque ann\u00e9e, le Raid&rsquo;Quart s&rsquo;engage de mani\u00e8re significative envers une cause sociale, insufflant un esprit de solidarit\u00e9 et de responsabilit\u00e9 au c\u0153ur de notre aventure. Cette cause est diff\u00e9rente lors de chaque \u00e9dition et peut toucher diff\u00e9rents th\u00e8mes, que ce soit le handicap, l\u2019enfance, la pr\u00e9carit\u00e9 etc.<\/p>\n\n\n\n<p>En participant \u00e0 l\u2019aventure, votre implication va au-del\u00e0 des d\u00e9fis sportifs : vous agissez directement aupr\u00e8s d\u2019une structure et apportez un r\u00e9el changement dans le quotidien de celle-ci.<\/p>\n\n\n\n<p>Nous souhaitons, gr\u00e2ce \u00e0 cette initiative, utiliser le Raid&rsquo;Quart comme un levier pour g\u00e9n\u00e9rer un impact positif et durable.&nbsp;<\/p>\n\n\n\n<p>Pour cette \u00e9dition 2025, nous axerons nos actions vers l\u2019orphelinat de ???.&nbsp;<\/p>\n\n\n\n<p>Apr\u00e8s la collecte des fournitures par les participants tout au long du rallye, notre \u00e9quipe d&rsquo;organisation s&rsquo;assurera de les rassembler et de les acheminer de mani\u00e8re s\u00e9curis\u00e9e jusqu&rsquo;\u00e0 l&rsquo;orphelinat concern\u00e9. Sur place, nous organiserons une remise officielle des dons en pr\u00e9sence des repr\u00e9sentants de l&rsquo;orphelinat et des participants du Raid&rsquo;Quart. Cette remise permettra aux participants de voir concr\u00e8tement l&rsquo;impact de leur contribution et de partager des moments de convivialit\u00e9 avec les b\u00e9n\u00e9ficiaires.<\/p>\n\n\n\n<p><strong>Dons possibles<\/strong><\/p>\n\n\n\n<p>Les participants auront l&rsquo;opportunit\u00e9 d&rsquo;apporter des articles essentiels tels que du mat\u00e9riel de pu\u00e9riculture, des soins, des v\u00eatements et du mat\u00e9riel scolaire, contribuant ainsi \u00e0 am\u00e9liorer les conditions de vie des enfants (liste compl\u00e8te ici).&nbsp;<\/p>\n\n\n\n<p>Chaque \u00e9quipe est tenue d\u2019emporter dans son v\u00e9hicule au minimum deux cartables ou sacs de sport remplis de mat\u00e9riel \u00e0 destination de l\u2019orphelinat.&nbsp;<\/p>\n\n\n\n<p>Il est \u00e9galement possible de faire un don financier qui permettra de financer la r\u00e9novation et l\u2019achat de mat\u00e9riel pour l\u2019orphelinat directement via ce lien, ou bien sur place au moment du d\u00e9part pour la Maroc.&nbsp;<\/p>\n\n\n\n<p>Si vous ne participez pas au Raid\u2019Quart en tant qu\u2019\u00e9quipe mais que vous souhaitez tout de m\u00eame venir en aide \u00e0 l\u2019orphelinat de ???, vous pouvez ! Que ce soit par un don financier ou un don de mat\u00e9riel qui sera achemin\u00e9 au Maroc directement par les \u00e9quipes de l\u2019organisation en m\u00eame temps que le d\u00e9part des participants.&nbsp;<\/p>\n\n\n\n<p>La liste de dons possibles pour les personnes ext\u00e9rieures au Raid\u2019Quart est la m\u00eame que pour les participants, \u00e0 laquelle on peut ajouter du mat\u00e9riel plus cons\u00e9quent sans probl\u00e8me qui serait trop imposants pour les voitures des \u00e9quipes (fauteuils roulants, b\u00e9quilles etc.).<\/p>\n\n\n\n<p>\u00c0 noter : Raid\u2019Quart \u00e9tant une association de loi 1901, chaque don permet une d\u00e9duction d\u2019imp\u00f4ts sur l\u2019ann\u00e9e suivante (<em>Article 200 du Code g\u00e9n\u00e9ral des imp\u00f4ts<\/em>)<\/p>\n\n\n\n<ul class=\"wp-block-list\">\n<li>66% du montant du don d\u00e9duit pour les particuliers<\/li>\n\n\n\n<li>60% du montant du don d\u00e9duit pour les entreprises<\/li>\n<\/ul>\n","protected":false},"excerpt":{"rendered":"<p>Chaque ann\u00e9e, le Raid&rsquo;Quart s&rsquo;engage de mani\u00e8re significative envers une cause sociale, insufflant un esprit de solidarit\u00e9 et de responsabilit\u00e9 au c\u0153ur de notre aventure. Cette cause est diff\u00e9rente lors&hellip;<\/p>\n","protected":false},"author":2,"featured_media":0,"parent":0,"menu_order":0,"comment_status":"closed","ping_status":"closed","template":"","meta":{"footnotes":""},"class_list":["post-144","page","type-page","status-publish","hentry"],"yoast_head":"<!-- This site is optimized with the Yoast SEO plugin v22.9 - https:\/\/yoast.com\/wordpress\/plugins\/seo\/ -->\n<title>Vocation sociale annuelle - Raid&#039;Quart : Explorez le d\u00e9sert avec vos voisins<\/title>\n<meta name=\"robots\" content=\"index, follow, max-snippet:-1, max-image-preview:large, max-video-preview:-1\" \/>\n<link rel=\"canonical\" href=\"https:\/\/www.raidquart.com\/?page_id=144\" \/>\n<meta property=\"og:locale\" content=\"fr_FR\" \/>\n<meta property=\"og:type\" content=\"article\" \/>\n<meta property=\"og:title\" content=\"Vocation sociale annuelle - Raid&#039;Quart : Explorez le d\u00e9sert avec vos voisins\" \/>\n<meta property=\"og:description\" content=\"Chaque ann\u00e9e, le Raid&rsquo;Quart s&rsquo;engage de mani\u00e8re significative envers une cause sociale, insufflant un esprit de solidarit\u00e9 et de responsabilit\u00e9 au c\u0153ur de notre aventure. Cette cause est diff\u00e9rente lors&hellip;\" \/>\n<meta property=\"og:url\" content=\"https:\/\/www.raidquart.com\/?page_id=144\" \/>\n<meta property=\"og:site_name\" content=\"Raid&#039;Quart : Explorez le d\u00e9sert avec vos voisins\" \/>\n<meta name=\"twitter:card\" content=\"summary_large_image\" \/>\n<meta name=\"twitter:label1\" content=\"Dur\u00e9e de lecture estim\u00e9e\" \/>\n\t<meta name=\"twitter:data1\" content=\"3 minutes\" \/>\n<script type=\"application\/ld+json\" class=\"yoast-schema-graph\">{\"@context\":\"https:\/\/schema.org\",\"@graph\":[{\"@type\":\"WebPage\",\"@id\":\"https:\/\/www.raidquart.com\/?page_id=144\",\"url\":\"https:\/\/www.raidquart.com\/?page_id=144\",\"name\":\"Vocation sociale annuelle - Raid&#039;Quart : Explorez le d\u00e9sert avec vos voisins\",\"isPartOf\":{\"@id\":\"https:\/\/www.raidquart.com\/#website\"},\"datePublished\":\"2024-07-15T06:37:31+00:00\",\"dateModified\":\"2024-07-15T06:37:31+00:00\",\"breadcrumb\":{\"@id\":\"https:\/\/www.raidquart.com\/?page_id=144#breadcrumb\"},\"inLanguage\":\"fr-FR\",\"potentialAction\":[{\"@type\":\"ReadAction\",\"target\":[\"https:\/\/www.raidquart.com\/?page_id=144\"]}]},{\"@type\":\"BreadcrumbList\",\"@id\":\"https:\/\/www.raidquart.com\/?page_id=144#breadcrumb\",\"itemListElement\":[{\"@type\":\"ListItem\",\"position\":1,\"name\":\"Home\",\"item\":\"https:\/\/www.raidquart.com\/\"},{\"@type\":\"ListItem\",\"position\":2,\"name\":\"Vocation sociale annuelle\"}]},{\"@type\":\"WebSite\",\"@id\":\"https:\/\/www.raidquart.com\/#website\",\"url\":\"https:\/\/www.raidquart.com\/\",\"name\":\"Raid&#039;Quart : Explorez le d\u00e9sert avec vos voisins\",\"description\":\"\",\"publisher\":{\"@id\":\"https:\/\/www.raidquart.com\/#organization\"},\"potentialAction\":[{\"@type\":\"SearchAction\",\"target\":{\"@type\":\"EntryPoint\",\"urlTemplate\":\"https:\/\/www.raidquart.com\/?s={search_term_string}\"},\"query-input\":\"required name=search_term_string\"}],\"inLanguage\":\"fr-FR\"},{\"@type\":\"Organization\",\"@id\":\"https:\/\/www.raidquart.com\/#organization\",\"name\":\"Raid&#039;Quart : Explorez le d\u00e9sert avec vos voisins\",\"url\":\"https:\/\/www.raidquart.com\/\",\"logo\":{\"@type\":\"ImageObject\",\"inLanguage\":\"fr-FR\",\"@id\":\"https:\/\/www.raidquart.com\/#\/schema\/logo\/image\/\",\"url\":\"https:\/\/www.raidquart.com\/wp-content\/uploads\/2024\/07\/cropped-cropped-jpg-2.jpg\",\"contentUrl\":\"https:\/\/www.raidquart.com\/wp-content\/uploads\/2024\/07\/cropped-cropped-jpg-2.jpg\",\"width\":512,\"height\":512,\"caption\":\"Raid&#039;Quart : Explorez le d\u00e9sert avec vos voisins\"},\"image\":{\"@id\":\"https:\/\/www.raidquart.com\/#\/schema\/logo\/image\/\"}}]}<\/script>\n<!-- \/ Yoast SEO plugin. -->","yoast_head_json":{"title":"Vocation sociale annuelle - Raid&#039;Quart : Explorez le d\u00e9sert avec vos voisins","robots":{"index":"index","follow":"follow","max-snippet":"max-snippet:-1","max-image-preview":"max-image-preview:large","max-video-preview":"max-video-preview:-1"},"canonical":"https:\/\/www.raidquart.com\/?page_id=144","og_locale":"fr_FR","og_type":"article","og_title":"Vocation sociale annuelle - Raid&#039;Quart : Explorez le d\u00e9sert avec vos voisins","og_description":"Chaque ann\u00e9e, le Raid&rsquo;Quart s&rsquo;engage de mani\u00e8re significative envers une cause sociale, insufflant un esprit de solidarit\u00e9 et de responsabilit\u00e9 au c\u0153ur de notre aventure. Cette cause est diff\u00e9rente lors&hellip;","og_url":"https:\/\/www.raidquart.com\/?page_id=144","og_site_name":"Raid&#039;Quart : Explorez le d\u00e9sert avec vos voisins","twitter_card":"summary_large_image","twitter_misc":{"Dur\u00e9e de lecture estim\u00e9e":"3 minutes"},"schema":{"@context":"https:\/\/schema.org","@graph":[{"@type":"WebPage","@id":"https:\/\/www.raidquart.com\/?page_id=144","url":"https:\/\/www.raidquart.com\/?page_id=144","name":"Vocation sociale annuelle - Raid&#039;Quart : Explorez le d\u00e9sert avec vos voisins","isPartOf":{"@id":"https:\/\/www.raidquart.com\/#website"},"datePublished":"2024-07-15T06:37:31+00:00","dateModified":"2024-07-15T06:37:31+00:00","breadcrumb":{"@id":"https:\/\/www.raidquart.com\/?page_id=144#breadcrumb"},"inLanguage":"fr-FR","potentialAction":[{"@type":"ReadAction","target":["https:\/\/www.raidquart.com\/?page_id=144"]}]},{"@type":"BreadcrumbList","@id":"https:\/\/www.raidquart.com\/?page_id=144#breadcrumb","itemListElement":[{"@type":"ListItem","position":1,"name":"Home","item":"https:\/\/www.raidquart.com\/"},{"@type":"ListItem","position":2,"name":"Vocation sociale annuelle"}]},{"@type":"WebSite","@id":"https:\/\/www.raidquart.com\/#website","url":"https:\/\/www.raidquart.com\/","name":"Raid&#039;Quart : Explorez le d\u00e9sert avec vos voisins","description":"","publisher":{"@id":"https:\/\/www.raidquart.com\/#organization"},"potentialAction":[{"@type":"SearchAction","target":{"@type":"EntryPoint","urlTemplate":"https:\/\/www.raidquart.com\/?s={search_term_string}"},"query-input":"required name=search_term_string"}],"inLanguage":"fr-FR"},{"@type":"Organization","@id":"https:\/\/www.raidquart.com\/#organization","name":"Raid&#039;Quart : Explorez le d\u00e9sert avec vos voisins","url":"https:\/\/www.raidquart.com\/","logo":{"@type":"ImageObject","inLanguage":"fr-FR","@id":"https:\/\/www.raidquart.com\/#\/schema\/logo\/image\/","url":"https:\/\/www.raidquart.com\/wp-content\/uploads\/2024\/07\/cropped-cropped-jpg-2.jpg","contentUrl":"https:\/\/www.raidquart.com\/wp-content\/uploads\/2024\/07\/cropped-cropped-jpg-2.jpg","width":512,"height":512,"caption":"Raid&#039;Quart : Explorez le d\u00e9sert avec vos voisins"},"image":{"@id":"https:\/\/www.raidquart.com\/#\/schema\/logo\/image\/"}}]}},"_links":{"self":[{"href":"https:\/\/www.raidquart.com\/index.php?rest_route=\/wp\/v2\/pages\/144","targetHints":{"allow":["GET"]}}],"collection":[{"href":"https:\/\/www.raidquart.com\/index.php?rest_route=\/wp\/v2\/pages"}],"about":[{"href":"https:\/\/www.raidquart.com\/index.php?rest_route=\/wp\/v2\/types\/page"}],"author":[{"embeddable":true,"href":"https:\/\/www.raidquart.com\/index.php?rest_route=\/wp\/v2\/users\/2"}],"replies":[{"embeddable":true,"href":"https:\/\/www.raidquart.com\/index.php?rest_route=%2Fwp%2Fv2%2Fcomments&post=144"}],"version-history":[{"count":1,"href":"https:\/\/www.raidquart.com\/index.php?rest_route=\/wp\/v2\/pages\/144\/revisions"}],"predecessor-version":[{"id":145,"href":"https:\/\/www.raidquart.com\/index.php?rest_route=\/wp\/v2\/pages\/144\/revisions\/145"}],"wp:attachment":[{"href":"https:\/\/www.raidquart.com\/index.php?rest_route=%2Fwp%2Fv2%2Fmedia&parent=144"}],"curies":[{"name":"wp","href":"https:\/\/api.w.org\/{rel}","templated":true}]}}