{"id":177,"date":"2024-07-15T07:22:53","date_gmt":"2024-07-15T07:22:53","guid":{"rendered":"https:\/\/www.raidquart.com\/?page_id=177"},"modified":"2024-07-17T08:29:21","modified_gmt":"2024-07-17T08:29:21","slug":"vocation-eco-responsable","status":"publish","type":"page","link":"https:\/\/www.raidquart.com\/?page_id=177","title":{"rendered":"Vocation \u00e9co-responsable"},"content":{"rendered":"\n<p>Organiser un rallye-raid dans le d\u00e9sert avec une vocation \u00e9co-responsable, c&rsquo;est allier l&rsquo;aventure \u00e0 la pr\u00e9servation de notre plan\u00e8te ! Imaginez-vous traverser des paysages d\u00e9sertiques \u00e0 couper le souffle, tout en sachant que chaque coup de volant contribue \u00e0 un futur plus vert. Pour chaque inscription, nous plantons un arbre portant le nom de votre \u00e9quipe, transformant le d\u00e9sert en un havre de verdure et de vie.<\/p>\n\n\n\n<p>Notre engagement ne s&rsquo;arr\u00eate pas l\u00e0. Partout o\u00f9 nous passons, un syst\u00e8me rigoureux de tri des d\u00e9chets est en place. Des bacs de tri sont r\u00e9partis dans chaque bivouac et point de contr\u00f4le, garantissant que les mat\u00e9riaux recyclables et les d\u00e9chets organiques soient soigneusement s\u00e9par\u00e9s. Les entreprises locales sp\u00e9cialis\u00e9es en recyclage prennent ensuite le relais, assurant une gestion \u00e9co-responsable des ordures.<\/p>\n\n\n\n<p>En partenariat avec des entreprises et associations locales marocaines, ainsi qu&rsquo;une association \u00e9co-responsable internationale, nous renfor\u00e7ons nos actions en faveur de la durabilit\u00e9. Ces collaborations enrichissent notre d\u00e9marche en soutenant les initiatives locales et en sensibilisant les participants aux enjeux environnementaux.<\/p>\n\n\n\n<p>Des \u00e9quipes de nettoyage interviennent apr\u00e8s chaque \u00e9tape et bivouac, laissant le d\u00e9sert aussi pur qu\u2019\u00e0 notre arriv\u00e9e. Compos\u00e9es de b\u00e9n\u00e9voles et d\u2019associ\u00e9s passionn\u00e9s, ces \u00e9quipes veillent \u00e0 pr\u00e9server la beaut\u00e9 naturelle des sites travers\u00e9s.<\/p>\n\n\n\n<p>Pour prot\u00e9ger la faune et la flore locales, nous d\u00e9finissons des zones de passage sp\u00e9cifiques pour les v\u00e9hicules, minimisant ainsi notre empreinte \u00e9cologique. Ces parcours sont \u00e9tablis en concertation avec des experts environnementaux et des autorit\u00e9s locales, assurant que notre aventure respecte les habitats naturels.<\/p>\n\n\n\n<p>En participant \u00e0 ce rallye-raid, vous faites bien plus que vivre une exp\u00e9rience hors du commun; vous devenez acteur d\u2019un mouvement o\u00f9 l\u2019adr\u00e9naline de la course rime avec le respect de l\u2019environnement. Joignez-vous \u00e0 nous pour une aventure \u00e9pique et \u00e9co-responsable dans le d\u00e9sert !<\/p>\n","protected":false},"excerpt":{"rendered":"<p>Organiser un rallye-raid dans le d\u00e9sert avec une vocation \u00e9co-responsable, c&rsquo;est allier l&rsquo;aventure \u00e0 la pr\u00e9servation de notre plan\u00e8te ! Imaginez-vous traverser des paysages d\u00e9sertiques \u00e0 couper le souffle, tout&hellip;<\/p>\n","protected":false},"author":2,"featured_media":0,"parent":0,"menu_order":0,"comment_status":"closed","ping_status":"closed","template":"","meta":{"footnotes":""},"class_list":["post-177","page","type-page","status-publish","hentry"],"yoast_head":"<!-- This site is optimized with the Yoast SEO plugin v22.9 - https:\/\/yoast.com\/wordpress\/plugins\/seo\/ -->\n<title>Vocation \u00e9co-responsable - Raid&#039;Quart : Explorez le d\u00e9sert avec vos voisins<\/title>\n<meta name=\"robots\" content=\"index, follow, max-snippet:-1, max-image-preview:large, max-video-preview:-1\" \/>\n<link rel=\"canonical\" href=\"https:\/\/www.raidquart.com\/?page_id=177\" \/>\n<meta property=\"og:locale\" content=\"fr_FR\" \/>\n<meta property=\"og:type\" content=\"article\" \/>\n<meta property=\"og:title\" content=\"Vocation \u00e9co-responsable - Raid&#039;Quart : Explorez le d\u00e9sert avec vos voisins\" \/>\n<meta property=\"og:description\" content=\"Organiser un rallye-raid dans le d\u00e9sert avec une vocation \u00e9co-responsable, c&rsquo;est allier l&rsquo;aventure \u00e0 la pr\u00e9servation de notre plan\u00e8te ! Imaginez-vous traverser des paysages d\u00e9sertiques \u00e0 couper le souffle, tout&hellip;\" \/>\n<meta property=\"og:url\" content=\"https:\/\/www.raidquart.com\/?page_id=177\" \/>\n<meta property=\"og:site_name\" content=\"Raid&#039;Quart : Explorez le d\u00e9sert avec vos voisins\" \/>\n<meta property=\"article:modified_time\" content=\"2024-07-17T08:29:21+00:00\" \/>\n<meta name=\"twitter:card\" content=\"summary_large_image\" \/>\n<meta name=\"twitter:label1\" content=\"Dur\u00e9e de lecture estim\u00e9e\" \/>\n\t<meta name=\"twitter:data1\" content=\"2 minutes\" \/>\n<script type=\"application\/ld+json\" class=\"yoast-schema-graph\">{\"@context\":\"https:\/\/schema.org\",\"@graph\":[{\"@type\":\"WebPage\",\"@id\":\"https:\/\/www.raidquart.com\/?page_id=177\",\"url\":\"https:\/\/www.raidquart.com\/?page_id=177\",\"name\":\"Vocation \u00e9co-responsable - Raid&#039;Quart : Explorez le d\u00e9sert avec vos voisins\",\"isPartOf\":{\"@id\":\"https:\/\/www.raidquart.com\/#website\"},\"datePublished\":\"2024-07-15T07:22:53+00:00\",\"dateModified\":\"2024-07-17T08:29:21+00:00\",\"breadcrumb\":{\"@id\":\"https:\/\/www.raidquart.com\/?page_id=177#breadcrumb\"},\"inLanguage\":\"fr-FR\",\"potentialAction\":[{\"@type\":\"ReadAction\",\"target\":[\"https:\/\/www.raidquart.com\/?page_id=177\"]}]},{\"@type\":\"BreadcrumbList\",\"@id\":\"https:\/\/www.raidquart.com\/?page_id=177#breadcrumb\",\"itemListElement\":[{\"@type\":\"ListItem\",\"position\":1,\"name\":\"Home\",\"item\":\"https:\/\/www.raidquart.com\/\"},{\"@type\":\"ListItem\",\"position\":2,\"name\":\"Vocation \u00e9co-responsable\"}]},{\"@type\":\"WebSite\",\"@id\":\"https:\/\/www.raidquart.com\/#website\",\"url\":\"https:\/\/www.raidquart.com\/\",\"name\":\"Raid&#039;Quart : Explorez le d\u00e9sert avec vos voisins\",\"description\":\"\",\"publisher\":{\"@id\":\"https:\/\/www.raidquart.com\/#organization\"},\"potentialAction\":[{\"@type\":\"SearchAction\",\"target\":{\"@type\":\"EntryPoint\",\"urlTemplate\":\"https:\/\/www.raidquart.com\/?s={search_term_string}\"},\"query-input\":\"required name=search_term_string\"}],\"inLanguage\":\"fr-FR\"},{\"@type\":\"Organization\",\"@id\":\"https:\/\/www.raidquart.com\/#organization\",\"name\":\"Raid&#039;Quart : Explorez le d\u00e9sert avec vos voisins\",\"url\":\"https:\/\/www.raidquart.com\/\",\"logo\":{\"@type\":\"ImageObject\",\"inLanguage\":\"fr-FR\",\"@id\":\"https:\/\/www.raidquart.com\/#\/schema\/logo\/image\/\",\"url\":\"https:\/\/www.raidquart.com\/wp-content\/uploads\/2024\/07\/cropped-cropped-jpg-2.jpg\",\"contentUrl\":\"https:\/\/www.raidquart.com\/wp-content\/uploads\/2024\/07\/cropped-cropped-jpg-2.jpg\",\"width\":512,\"height\":512,\"caption\":\"Raid&#039;Quart : Explorez le d\u00e9sert avec vos voisins\"},\"image\":{\"@id\":\"https:\/\/www.raidquart.com\/#\/schema\/logo\/image\/\"}}]}<\/script>\n<!-- \/ Yoast SEO plugin. -->","yoast_head_json":{"title":"Vocation \u00e9co-responsable - Raid&#039;Quart : Explorez le d\u00e9sert avec vos voisins","robots":{"index":"index","follow":"follow","max-snippet":"max-snippet:-1","max-image-preview":"max-image-preview:large","max-video-preview":"max-video-preview:-1"},"canonical":"https:\/\/www.raidquart.com\/?page_id=177","og_locale":"fr_FR","og_type":"article","og_title":"Vocation \u00e9co-responsable - Raid&#039;Quart : Explorez le d\u00e9sert avec vos voisins","og_description":"Organiser un rallye-raid dans le d\u00e9sert avec une vocation \u00e9co-responsable, c&rsquo;est allier l&rsquo;aventure \u00e0 la pr\u00e9servation de notre plan\u00e8te ! Imaginez-vous traverser des paysages d\u00e9sertiques \u00e0 couper le souffle, tout&hellip;","og_url":"https:\/\/www.raidquart.com\/?page_id=177","og_site_name":"Raid&#039;Quart : Explorez le d\u00e9sert avec vos voisins","article_modified_time":"2024-07-17T08:29:21+00:00","twitter_card":"summary_large_image","twitter_misc":{"Dur\u00e9e de lecture estim\u00e9e":"2 minutes"},"schema":{"@context":"https:\/\/schema.org","@graph":[{"@type":"WebPage","@id":"https:\/\/www.raidquart.com\/?page_id=177","url":"https:\/\/www.raidquart.com\/?page_id=177","name":"Vocation \u00e9co-responsable - Raid&#039;Quart : Explorez le d\u00e9sert avec vos voisins","isPartOf":{"@id":"https:\/\/www.raidquart.com\/#website"},"datePublished":"2024-07-15T07:22:53+00:00","dateModified":"2024-07-17T08:29:21+00:00","breadcrumb":{"@id":"https:\/\/www.raidquart.com\/?page_id=177#breadcrumb"},"inLanguage":"fr-FR","potentialAction":[{"@type":"ReadAction","target":["https:\/\/www.raidquart.com\/?page_id=177"]}]},{"@type":"BreadcrumbList","@id":"https:\/\/www.raidquart.com\/?page_id=177#breadcrumb","itemListElement":[{"@type":"ListItem","position":1,"name":"Home","item":"https:\/\/www.raidquart.com\/"},{"@type":"ListItem","position":2,"name":"Vocation \u00e9co-responsable"}]},{"@type":"WebSite","@id":"https:\/\/www.raidquart.com\/#website","url":"https:\/\/www.raidquart.com\/","name":"Raid&#039;Quart : Explorez le d\u00e9sert avec vos voisins","description":"","publisher":{"@id":"https:\/\/www.raidquart.com\/#organization"},"potentialAction":[{"@type":"SearchAction","target":{"@type":"EntryPoint","urlTemplate":"https:\/\/www.raidquart.com\/?s={search_term_string}"},"query-input":"required name=search_term_string"}],"inLanguage":"fr-FR"},{"@type":"Organization","@id":"https:\/\/www.raidquart.com\/#organization","name":"Raid&#039;Quart : Explorez le d\u00e9sert avec vos voisins","url":"https:\/\/www.raidquart.com\/","logo":{"@type":"ImageObject","inLanguage":"fr-FR","@id":"https:\/\/www.raidquart.com\/#\/schema\/logo\/image\/","url":"https:\/\/www.raidquart.com\/wp-content\/uploads\/2024\/07\/cropped-cropped-jpg-2.jpg","contentUrl":"https:\/\/www.raidquart.com\/wp-content\/uploads\/2024\/07\/cropped-cropped-jpg-2.jpg","width":512,"height":512,"caption":"Raid&#039;Quart : Explorez le d\u00e9sert avec vos voisins"},"image":{"@id":"https:\/\/www.raidquart.com\/#\/schema\/logo\/image\/"}}]}},"_links":{"self":[{"href":"https:\/\/www.raidquart.com\/index.php?rest_route=\/wp\/v2\/pages\/177","targetHints":{"allow":["GET"]}}],"collection":[{"href":"https:\/\/www.raidquart.com\/index.php?rest_route=\/wp\/v2\/pages"}],"about":[{"href":"https:\/\/www.raidquart.com\/index.php?rest_route=\/wp\/v2\/types\/page"}],"author":[{"embeddable":true,"href":"https:\/\/www.raidquart.com\/index.php?rest_route=\/wp\/v2\/users\/2"}],"replies":[{"embeddable":true,"href":"https:\/\/www.raidquart.com\/index.php?rest_route=%2Fwp%2Fv2%2Fcomments&post=177"}],"version-history":[{"count":4,"href":"https:\/\/www.raidquart.com\/index.php?rest_route=\/wp\/v2\/pages\/177\/revisions"}],"predecessor-version":[{"id":453,"href":"https:\/\/www.raidquart.com\/index.php?rest_route=\/wp\/v2\/pages\/177\/revisions\/453"}],"wp:attachment":[{"href":"https:\/\/www.raidquart.com\/index.php?rest_route=%2Fwp%2Fv2%2Fmedia&parent=177"}],"curies":[{"name":"wp","href":"https:\/\/api.w.org\/{rel}","templated":true}]}}